{"id":286,"date":"2024-08-31T15:49:44","date_gmt":"2024-08-31T13:49:44","guid":{"rendered":"https:\/\/isafara.com\/?page_id=286"},"modified":"2026-02-12T10:59:33","modified_gmt":"2026-02-12T09:59:33","slug":"expositions","status":"publish","type":"page","link":"https:\/\/isafara.com\/index.php\/expositions\/","title":{"rendered":"expositions"},"content":{"rendered":"\n<p><a href=\"https:\/\/isafara.blogspot.com\/2025\/08\/isafara-75-tableaux-exposer.html\">75 toiles, grandeur nature !<\/a><\/p>\n\n\n\n<p>Chacune : 180 \u00d7 140 cm,<\/p>\n\n\n\n<p>Des \u00e9clats de couleurs comme des fen\u00eatres ouvertes,<br>Des r\u00eaves g\u00e9ants \u00e0 parcourir du regard.<br>qui attendent un lieu d&#8217;exposition<\/p>\n\n\n\n<p><a href=\"https:\/\/isafara.blogspot.com\/2025\/08\/isafara-75-tableaux-exposer.html\" target=\"_blank\" rel=\"noreferrer noopener\">Voir les 75 tableaux \u00e0 exposer<\/a><\/p>\n\n\n\n<p><\/p>\n\n\n\n<figure class=\"wp-block-image size-full\"><img loading=\"lazy\" decoding=\"async\" width=\"618\" height=\"649\" src=\"https:\/\/isafara.com\/wp-content\/uploads\/2025\/08\/Capture-d_cran-2025-06-18-070548-1.png\" alt=\"\" class=\"wp-image-415\" srcset=\"https:\/\/isafara.com\/wp-content\/uploads\/2025\/08\/Capture-d_cran-2025-06-18-070548-1.png 618w, https:\/\/isafara.com\/wp-content\/uploads\/2025\/08\/Capture-d_cran-2025-06-18-070548-1-286x300.png 286w\" sizes=\"auto, (max-width: 618px) 100vw, 618px\" \/><\/figure>\n\n\n\n<ul class=\"wp-block-list\">\n<li>Exposition urbaine 3 rue des artistes du 20 juin au 7 septembre 2025<\/li>\n\n\n\n<li>Exposition ART ET JARDINS Saron sur Aube 29 et 30 juin 2024<\/li>\n\n\n\n<li>Exposition collective&nbsp; avril &#8211; juin 2023 \u00e0 la cit\u00e9 du vitrail \u00e0 Troyes, bouteilles de Champagne d\u00e9cor\u00e9es<\/li>\n\n\n\n<li>Exposition \u00e0 Saron sur Aube les 22 et 23 juin 2019<\/li>\n\n\n\n<li>Exposition Isafara \u00e0 l\u2019h\u00f4tel du Golf de la for\u00eat d\u2019Orient du 3 mai au 5 juillet 2019<\/li>\n\n\n\n<li>Les artistes ouvrent leur porte les 16 et 17 mars 2019<\/li>\n\n\n\n<li>March\u00e9 de la cr\u00e9ation Sainte Savine le 18 octobre 2018<\/li>\n\n\n\n<li>Exposition Isafara \u00e0 l\u2019h\u00f4tel du Golf de la for\u00eat d\u2019Orient du 27 avril au 2 juillet 2018 Dealer Pas Mouton<\/li>\n\n\n\n<li>Mus\u00e9e LOUKINE Arsonval \u2013&nbsp;du 29 octobre au 12 novembre 2017<\/li>\n\n\n\n<li>La Cit\u00e9 des Artistes au cellier Formont \u2013 16 septembre 2017<\/li>\n\n\n\n<li>Atelier Ellen Beljaars \u00e0 Plesnoy \u2013 du 23 juillet au 28 ao\u00fbt 2017<\/li>\n\n\n\n<li>Exposition Isafara \u00e0 l\u2019h\u00f4tel du Golf de la for\u00eat d\u2019Orient du 28 avril au 2 mai 2017<\/li>\n\n\n\n<li>Arts et Viennes Sainte Savine \u2013 11 septembre 2016<\/li>\n\n\n\n<li><a href=\"https:\/\/draft.blogger.com\/blog\/page\/edit\/8942587663433415952\/8998527939046788248#\">Isafara reportage FR 3 \u2013 20 juin 2016<\/a><\/li>\n\n\n\n<li>Isafara \u00e0 la Chapelle Troyes \u2013 15 juin 2016<\/li>\n\n\n\n<li>Domaine de la For\u00eat d\u2019Orient \u2013 H\u00f4tel Golf &amp; SPA : 26 avril \u2013 6 juillet 2016<\/li>\n\n\n\n<li>La cit\u00e9 des artistes Troyes : 19 septembre 2015<\/li>\n\n\n\n<li>ART \u00a7 JARDINS Saron sur Aube : 20 et 21 juin 2015<\/li>\n\n\n\n<li>Je m\u2019\u00e9clate Domaine de la For\u00eat d\u2019Orient \u2013 H\u00f4tel Golf &amp; SPA : 21 mai \u2013 15 juillet 2015<\/li>\n\n\n\n<li>Exposition internationale d\u2019art contemporain couleurs du printemps en Suisse \u00e0 Lausanne du 27 mars au 19 avril 2014<\/li>\n\n\n\n<li>Les inattendus font leur cin\u00e9ma du 17 au 25 mai 2014 \u00e0 Sainte Savine<\/li>\n\n\n\n<li>Libert\u00e9 Domaine de la For\u00eat d\u2019Orient \u2013 H\u00f4tel Golf &amp; SPA : 14 mars \u2013 31 mai 2014<\/li>\n\n\n\n<li>Lavunette chez Atol St Parres aux Tertres du 19 d\u00e9cembre au 31 janvier 2014<\/li>\n\n\n\n<li>Un autre regard chez Mon Logis du 15 novembre au 15 d\u00e9cembre 2013<\/li>\n\n\n\n<li>aux Arcades \u00e0 Troyes du 12 octobre au 28 novembre 2013<\/li>\n\n\n\n<li>L\u2019art en lumi\u00e8re le 14 septembre 2013 Estissac<\/li>\n\n\n\n<li>L\u2019Expo Geante \u00e0 Bar sur Seine 29 et30 juin 2013<\/li>\n\n\n\n<li>Au Bistro Sainte Savine mai-juillet 2013<\/li>\n\n\n\n<li>Les inattendus Sainte savine du 18 au 26 mai 2013<\/li>\n\n\n\n<li>Les artistes et peintres saviniens du 24 avril au 5 mai 2013<\/li>\n\n\n\n<li>Le salon d\u2019hiver de Rosi\u00e8res du 23 au 31 mai 2013<\/li>\n\n\n\n<li>Le soir des toiles, Sainte Savine : 14 d\u00e9cembre 2012<\/li>\n\n\n\n<li>Place aux artistes, Centre municipal Les Noes pres Troyes : 20 et 21 octobre 2012<\/li>\n\n\n\n<li>L\u2019art en lumi\u00e8re, Estissac: 29 septembre 2012<\/li>\n\n\n\n<li>L\u2019art dans la rue, Sainte Savine : 22 septembre 2012<\/li>\n\n\n\n<li>JazzBar \u00e0 Bar sur Aube : 8 septembre 2012<\/li>\n\n\n\n<li>Office du tourisme d\u2019Auxonne en Bourgogne : aout-septembre 2012<\/li>\n\n\n\n<li>Capitainerie de Mesnil St P\u00e8re : juillet 2012<\/li>\n\n\n\n<li>Domaine de la For\u00eat d\u2019Orient \u2013 H\u00f4tel Golf &amp; SPA : 23 avril \u2013 juillet 2012<\/li>\n\n\n\n<li>Salle d\u2019exposition \u00e0 la maison pour tous de Sainte-Savine : 30 avril \u2013 6 mai 2012<\/li>\n\n\n\n<li>Centre Georges-Fran\u00e7ois Leclerc \u00e0 Dijon : 26 mars-4 mai 2012<\/li>\n\n\n\n<li>Restaurant le Bistrot \u00e0 Sainte Savine : avril \u2013 mai 2012<\/li>\n\n\n\n<li>Office du tourisme d\u2019Auxonne en Bourgogne : f\u00e9vrier \u2013 mars 2012<\/li>\n\n\n\n<li>Les Arcades \u00e0 Troyes : 3 janvier-10 f\u00e9vrier 2012<\/li>\n\n\n\n<li>Salon de la plong\u00e9e, Paris : 13, 14, 15 et 16 janvier 2012<\/li>\n\n\n\n<li>Salon Victoria \u00e0 Troyes : d\u00e9cembre 2011<\/li>\n\n\n\n<li>La galerie du d\u00e9part \u00e0 Troyes : septembre \u2013 octobre 2011<\/li>\n\n\n\n<li>Art dans la rue \u00e0 Sainte Savine : 24 septembre 2011<\/li>\n<\/ul>\n","protected":false},"excerpt":{"rendered":"<p>75 toiles, grandeur nature ! Chacune : 180 \u00d7 140 cm, Des \u00e9clats de couleurs comme des fen\u00eatres ouvertes,Des r\u00eaves g\u00e9ants \u00e0 parcourir du regard.qui attendent un lieu d&#8217;exposition Voir les 75 tableaux \u00e0 exposer<\/p>\n","protected":false},"author":1,"featured_media":0,"parent":0,"menu_order":0,"comment_status":"closed","ping_status":"closed","template":"","meta":{"footnotes":""},"class_list":["post-286","page","type-page","status-publish","hentry"],"_links":{"self":[{"href":"https:\/\/isafara.com\/index.php\/wp-json\/wp\/v2\/pages\/286","targetHints":{"allow":["GET"]}}],"collection":[{"href":"https:\/\/isafara.com\/index.php\/wp-json\/wp\/v2\/pages"}],"about":[{"href":"https:\/\/isafara.com\/index.php\/wp-json\/wp\/v2\/types\/page"}],"author":[{"embeddable":true,"href":"https:\/\/isafara.com\/index.php\/wp-json\/wp\/v2\/users\/1"}],"replies":[{"embeddable":true,"href":"https:\/\/isafara.com\/index.php\/wp-json\/wp\/v2\/comments?post=286"}],"version-history":[{"count":5,"href":"https:\/\/isafara.com\/index.php\/wp-json\/wp\/v2\/pages\/286\/revisions"}],"predecessor-version":[{"id":439,"href":"https:\/\/isafara.com\/index.php\/wp-json\/wp\/v2\/pages\/286\/revisions\/439"}],"wp:attachment":[{"href":"https:\/\/isafara.com\/index.php\/wp-json\/wp\/v2\/media?parent=286"}],"curies":[{"name":"wp","href":"https:\/\/api.w.org\/{rel}","templated":true}]}}